{"id":131,"date":"2020-11-19T18:35:22","date_gmt":"2020-11-19T17:35:22","guid":{"rendered":"https:\/\/www.rll-radlagerlogistik.de\/RLL\/?page_id=131"},"modified":"2024-06-13T13:03:18","modified_gmt":"2024-06-13T11:03:18","slug":"impressum","status":"publish","type":"page","link":"https:\/\/www.rll-radlagerlogistik.de\/RLL\/impressum\/","title":{"rendered":"IMPRESSUM"},"content":{"rendered":"<p><strong>RLL Rad-Lagerlogistik Potz GmbH &amp; Co. KG<\/strong><br \/>\n<strong>M\u00fcndelheimer Weg 37<\/strong><br \/>\n<strong>40472 D\u00fcsseldorf<\/strong><\/p>\n<p>Tel. + 49 2102 96 76 669<br \/>\nFax. + 49 2102 96 76 665<br \/>\nE-Mail: info@radlagerlo.de<\/p>\n<p>Registergericht: Amtsgericht D\u00fcsseldorf<br \/>\nRegisternummer: HRA 24798<\/p>\n<p>Pers\u00f6nlich haftende Gesellschafterin der RLL Rad-Lagerlogistik Potz GmbH &amp; Co. KG:<br \/>\nRLL Rad-Lagerlogistik Potz Verwaltungs GmbH<br \/>\nGesch\u00e4ftsf\u00fchrer der RLL Rad-Lagerlogistik Potz GmbH:<br \/>\nIngrid Potz; Tim Potz<\/p>\n<p>Registergericht: Amtsgericht D\u00fcsseldorf<br \/>\nRegisternummer: HRB 82543<\/p>\n<p>Umsatzsteuer-Identifikationsnummer gem\u00e4\u00df \u00a7 27a Umsatzsteuergesetz:<br \/>\nDE-317237796<\/p>\n<p>Redaktionelle Verantwortung:<br \/>\nRLL Rad-Lagerlogistik Potz GmbH &amp; Co. KG<\/p>\n<p>M\u00fcndelheimer Weg 37<br \/>\n40472 D\u00fcsseldorf<\/p>\n<p><strong>Haftungsausschluss:<\/strong><\/p>\n<p><strong>Haftung f\u00fcr Inhalte<\/strong><br \/>\nDie Inhalte unserer Seiten wurden mit gr\u00f6\u00dfter Sorgfalt erstellt. F\u00fcr die Richtigkeit, Vollst\u00e4ndigkeit und Aktualit\u00e4t der Inhalte k\u00f6nnen wir jedoch keine Gew\u00e4hr \u00fcbernehmen. Als Diensteanbieter sind wir gem\u00e4\u00df \u00a7 7 Abs.1 TMG f\u00fcr eigene Inhalte auf diesen Seiten nach den allgemeinen Gesetzen verantwortlich. Nach \u00a7\u00a7 8 bis 10 TMG sind wir als Diensteanbieter jedoch nicht verpflichtet, \u00fcbermittelte oder gespeicherte fremde Informationen zu \u00fcberwachen oder nach Umst\u00e4nden zu forschen, die auf eine rechtswidrige T\u00e4tigkeit hinweisen. Verpflichtungen zur Entfernung oder Sperrung der Nutzung von Informationen nach den allgemeinen Gesetzen bleiben hiervon unber\u00fchrt. Eine diesbez\u00fcgliche Haftung ist jedoch erst ab dem Zeitpunkt der Kenntnis einer konkreten Rechtsverletzung m\u00f6glich. Bei Bekanntwerden von entsprechenden Rechtsverletzungen werden wir diese Inhalte umgehend entfernen.<\/p>\n<p><strong>Haftung f\u00fcr Links<\/strong><br \/>\nUnser Angebot enth\u00e4lt Links zu externen Webseiten Dritter, auf deren Inhalte wir keinen Einfluss haben. Deshalb k\u00f6nnen wir f\u00fcr diese fremden Inhalte auch keine Gew\u00e4hr \u00fcbernehmen. F\u00fcr die Inhalte der verlinkten Seiten ist stets der jeweilige Anbieter oder Betreiber der Seiten verantwortlich. Die verlinkten Seiten wurden zum Zeitpunkt der Verlinkung auf m\u00f6gliche Rechtsverst\u00f6\u00dfe \u00fcberpr\u00fcft. Rechtswidrige Inhalte waren zum Zeitpunkt der Verlinkung nicht erkennbar. Eine permanente inhaltliche Kontrolle der verlinkten Seiten ist jedoch ohne konkrete Anhaltspunkte einer Rechtsverletzung nicht zumutbar. Bei Bekanntwerden von Rechtsverletzungen werden wir derartige Links umgehend entfernen.<\/p>\n<p><strong>Urheberrecht<\/strong><br \/>\nDie durch die Seitenbetreiber erstellten Inhalte und Werke auf diesen Seiten unterliegen dem deutschen Urheberrecht. Die Vervielf\u00e4ltigung, Bearbeitung, Verbreitung und jede Art der Verwertung au\u00dferhalb der Grenzen des Urheberrechtes bed\u00fcrfen der schriftlichen Zustimmung des jeweiligen Autors bzw. Erstellers. Downloads und Kopien dieser Seite sind nur f\u00fcr den privaten, nicht kommerziellen Gebrauch gestattet. Soweit die Inhalte auf dieser Seite nicht vom Betreiber erstellt wurden, werden die Urheberrechte Dritter beachtet. Insbesondere werden Inhalte Dritter als solche gekennzeichnet. Sollten Sie trotzdem auf eine Urheberrechtsverletzung aufmerksam werden, bitten wir um einen entsprechenden Hinweis. Bei Bekanntwerden von Rechtsverletzungen werden wir derartige Inhalte umgehend entfernen.<\/p>\n<p><strong>Datenschutz<\/strong><br \/>\nDie Nutzung unserer Webseite ist in der Regel ohne Angabe personenbezogener Daten m\u00f6glich. Soweit auf unseren Seiten personenbezogene Daten (beispielsweise Name, Anschrift oder eMail-Adressen) erhoben werden, erfolgt dies, soweit m\u00f6glich, stets auf freiwilliger Basis. Diese Daten werden ohne Ihre ausdr\u00fcckliche Zustimmung nicht an Dritte weitergegeben.<\/p>\n<p>Wir weisen darauf hin, dass die Daten\u00fcbertragung im Internet (z.B. bei der Kommunikation per E-Mail) Sicherheitsl\u00fccken aufweisen kann. Ein l\u00fcckenloser Schutz der Daten vor dem Zugriff durch Dritte ist nicht m\u00f6glich.<\/p>\n<p>Der Nutzung von im Rahmen der Impressumspflicht ver\u00f6ffentlichten Kontaktdaten durch Dritte zur \u00dcbersendung von nicht ausdr\u00fccklich angeforderter Werbung und Informationsmaterialien wird hiermit ausdr\u00fccklich widersprochen. Die Betreiber der Seiten behalten sich ausdr\u00fccklich rechtliche Schritte im Falle der unverlangten Zusendung von Werbeinformationen, etwa durch Spam-Mails, vor.<\/p>\n<p>Weitere Informationen zum Datenschutz erhalten Sie in unserer Datenschutzerkl\u00e4rung.<\/p>\n<p><strong>Auskunftsrecht<\/strong><br \/>\nNach dem Bundesdatenschutzgesetz haben Sie ein Recht auf unentgeltliche Auskunft \u00fcber Ihre gespeicherten Daten sowie ggf. ein Recht auf Berichtigung, Sperrung oder L\u00f6schung dieser Daten. Richten Sie ein entsprechendes Anliegen in Textform an: info@radlagerlo.de<\/p>\n","protected":false},"excerpt":{"rendered":"<p>RLL Rad-Lagerlogistik Potz GmbH &amp; Co. KG M\u00fcndelheimer Weg 37 40472 D\u00fcsseldorf Tel. + 49 2102 96 76 669 Fax. [&hellip;]<\/p>\n","protected":false},"author":1,"featured_media":0,"parent":0,"menu_order":0,"comment_status":"closed","ping_status":"closed","template":"","meta":{"footnotes":""},"class_list":["post-131","page","type-page","status-publish","hentry"],"_links":{"self":[{"href":"https:\/\/www.rll-radlagerlogistik.de\/RLL\/wp-json\/wp\/v2\/pages\/131","targetHints":{"allow":["GET"]}}],"collection":[{"href":"https:\/\/www.rll-radlagerlogistik.de\/RLL\/wp-json\/wp\/v2\/pages"}],"about":[{"href":"https:\/\/www.rll-radlagerlogistik.de\/RLL\/wp-json\/wp\/v2\/types\/page"}],"author":[{"embeddable":true,"href":"https:\/\/www.rll-radlagerlogistik.de\/RLL\/wp-json\/wp\/v2\/users\/1"}],"replies":[{"embeddable":true,"href":"https:\/\/www.rll-radlagerlogistik.de\/RLL\/wp-json\/wp\/v2\/comments?post=131"}],"version-history":[{"count":5,"href":"https:\/\/www.rll-radlagerlogistik.de\/RLL\/wp-json\/wp\/v2\/pages\/131\/revisions"}],"predecessor-version":[{"id":559,"href":"https:\/\/www.rll-radlagerlogistik.de\/RLL\/wp-json\/wp\/v2\/pages\/131\/revisions\/559"}],"wp:attachment":[{"href":"https:\/\/www.rll-radlagerlogistik.de\/RLL\/wp-json\/wp\/v2\/media?parent=131"}],"curies":[{"name":"wp","href":"https:\/\/api.w.org\/{rel}","templated":true}]}}